{"id":5739,"date":"2026-02-09T15:40:19","date_gmt":"2026-02-09T15:40:19","guid":{"rendered":"https:\/\/eurolatin.org\/?page_id=5739"},"modified":"2026-02-14T15:43:23","modified_gmt":"2026-02-14T15:43:23","slug":"equipo","status":"publish","type":"page","link":"https:\/\/eurolatin.org\/?page_id=5739","title":{"rendered":"Equipo"},"content":{"rendered":"\n\n\t<section class=\"section dark has-parallax has-scroll-for-more\" id=\"section_957952096\">\n\t\t<div class=\"section-bg fill\" data-parallax-container=\".section\" data-parallax-background data-parallax=\"-10\">\n\t\t\t<img loading=\"lazy\" decoding=\"async\" width=\"1826\" height=\"1564\" src=\"https:\/\/eurolatin.org\/wp-content\/uploads\/2026\/02\/Screenshot-2025-07-30-at-19.24.18-1.png\" class=\"bg attachment-original size-original\" alt=\"\" \/>\t\t\t\t\t\t<div class=\"section-bg-overlay absolute fill\"><\/div><button class=\"scroll-for-more z-5 icon absolute bottom h-center\" aria-label=\"Scorri per ulteriori info\"><i class=\"icon-angle-down\" aria-hidden=\"true\" style=\"font-size:42px;\"><\/i><\/button>\n\t\t\t\n\n\t\t<\/div>\n\n\t\t\n\n\t\t<div class=\"section-content relative\">\n\t\t\t\n\n\t<div id=\"gap-1414753528\" class=\"gap-element clearfix\" style=\"display:block; height:auto;\">\n\t\t\n<style>\n#gap-1414753528 {\n  padding-top: 30px;\n}\n<\/style>\n\t<\/div>\n\t\n\n<div class=\"row align-center\"  id=\"row-2058806956\">\n\n\n\t<div id=\"col-1243949007\" class=\"col medium-7 small-12 large-6\"  >\n\t\t\t\t<div class=\"col-inner text-center\"  >\n\t\t\t\n\t\t\t\n\n\t<div id=\"text-2788776950\" class=\"text\">\n\t\t\n\n<h1 >Meet the team<\/h1>\n\t\t\n<style>\n#text-2788776950 {\n  font-size: 1.5rem;\n}\n<\/style>\n\t<\/div>\n\t\n<p>Somos un equipo apasionado por tender puentes de conocimiento y creatividad entre <b data-path-to-node=\"1,0\" data-index-in-node=\"83\">Europa y Am\u00e9rica Latina<\/b>. Nos dedicamos a transformar la cooperaci\u00f3n cultural y educativa en oportunidades reales de crecimiento, fomentando el intercambio de ideas que trascienden fronteras. En Euro Latin, creemos que la educaci\u00f3n es el motor del desarrollo y la cultura el lenguaje que nos une para construir un futuro compartido<\/p>\n\n\t\t<\/div>\n\t\t\t\t\t<\/div>\n\n\t\n\n<\/div>\n\n\t\t<\/div>\n\n\t\t\n<style>\n#section_957952096 {\n  padding-top: 110px;\n  padding-bottom: 110px;\n}\n#section_957952096 .section-bg-overlay {\n  background-color: rgba(0, 0, 0, 0.3);\n}\n#section_957952096 .section-bg img {\n  object-position: 51% 31%;\n}\n<\/style>\n\t<\/section>\n\t\n\n\t<section class=\"section\" id=\"section_1244725006\">\n\t\t<div class=\"section-bg fill\" >\n\t\t\t\t\t\t\t\t\t\n\t\t\t\n\n\t\t<\/div>\n\n\t\t\n\n\t\t<div class=\"section-content relative\">\n\t\t\t\n\n<div class=\"row row-large align-middle align-center\"  id=\"row-1280282573\">\n\n\n\t<div id=\"col-424452046\" class=\"col medium-5 small-10 large-4\"  >\n\t\t\t\t<div class=\"col-inner\" style=\"background-color:rgb(0, 7, 141);\" >\n\t\t\t\n\t\t\t\n\n<div class=\"row row-collapse\"  id=\"row-612368352\">\n\n\n\t<div id=\"col-867940866\" class=\"col small-12 large-12\"  >\n\t\t\t\t<div class=\"col-inner\"  >\n\t\t\t\n\t\t\t\n\n\t<div class=\"img has-hover x md-x lg-x y md-y lg-y\" id=\"image_563718182\">\n\t\t\t\t\t\t\t\t<div class=\"img-inner image-cover dark\" style=\"padding-top:100%;\">\n\t\t\t<img loading=\"lazy\" decoding=\"async\" width=\"786\" height=\"890\" src=\"https:\/\/eurolatin.org\/wp-content\/uploads\/2026\/02\/Foto-CV.png\" class=\"attachment-large size-large\" alt=\"\" srcset=\"https:\/\/eurolatin.org\/wp-content\/uploads\/2026\/02\/Foto-CV.png 786w, https:\/\/eurolatin.org\/wp-content\/uploads\/2026\/02\/Foto-CV-265x300.png 265w, https:\/\/eurolatin.org\/wp-content\/uploads\/2026\/02\/Foto-CV-768x870.png 768w\" sizes=\"auto, (max-width: 786px) 100vw, 786px\" \/>\t\t\t\t\t\t\n\t\t\t\t\t<\/div>\n\t\t\t\t\t\t\t\t\n<style>\n#image_563718182 {\n  width: 100%;\n}\n<\/style>\n\t<\/div>\n\t\n\n\n\t\t<\/div>\n\t\t\t\t\n<style>\n#col-867940866 > .col-inner {\n  margin: -20px 0px 0px -20px;\n}\n<\/style>\n\t<\/div>\n\n\t\n\n<\/div>\n\n\t\t<\/div>\n\t\t\t\t\n<style>\n#col-424452046 > .col-inner {\n  padding: 0px 30px 50px 0px;\n}\n<\/style>\n\t<\/div>\n\n\t\n\n\t<div id=\"col-1411742554\" class=\"col medium-5 small-12 large-4\"  >\n\t\t\t\t<div class=\"col-inner text-center\"  >\n\t\t\t\n\t\t\t\n\n<p style=\"margin-bottom: 0px; font-size: 80%;\">Fundador y Presidente<\/p>\n<h3>Luca Di Pietro<\/h3>\n\t<div id=\"gap-326005987\" class=\"gap-element clearfix\" style=\"display:block; height:auto;\">\n\t\t\n<style>\n#gap-326005987 {\n  padding-top: 10px;\n}\n<\/style>\n\t<\/div>\n\t\n\n<p>eurolatincooperation@gmail.com<\/p>\n<div class=\"social-icons follow-icons\" ><a href=\"#\" target=\"_blank\" data-label=\"Facebook\" class=\"icon plain tooltip facebook\" title=\"Seguici su Facebook\" aria-label=\"Seguici su Facebook\" rel=\"noopener nofollow\"><i class=\"icon-facebook\" aria-hidden=\"true\"><\/i><\/a><a href=\"#\" target=\"_blank\" data-label=\"Instagram\" class=\"icon plain tooltip instagram\" title=\"Seguici su Instagram\" aria-label=\"Seguici su Instagram\" rel=\"noopener nofollow\"><i class=\"icon-instagram\" aria-hidden=\"true\"><\/i><\/a><a href=\"#\" data-label=\"Twitter\" target=\"_blank\" class=\"icon plain tooltip twitter\" title=\"Seguici su Twitter\" aria-label=\"Seguici su Twitter\" rel=\"noopener nofollow\"><i class=\"icon-twitter\" aria-hidden=\"true\"><\/i><\/a><a href=\"#\" data-label=\"LinkedIn\" target=\"_blank\" class=\"icon plain tooltip linkedin\" title=\"Segui su LinkedIn\" aria-label=\"Segui su LinkedIn\" rel=\"noopener nofollow\"><i class=\"icon-linkedin\" aria-hidden=\"true\"><\/i><\/a><\/div>\n\n\n\t\t<\/div>\n\t\t\t\t\n<style>\n#col-1411742554 > .col-inner {\n  margin: 0px 0px 40px 0px;\n}\n<\/style>\n\t<\/div>\n\n\t\n\n\t<div id=\"col-1749874100\" class=\"col hide-for-medium medium-4 small-12 large-4\"  >\n\t\t\t\t<div class=\"col-inner\"  >\n\t\t\t\n\t\t\t\n\n\t<div id=\"gap-462146929\" class=\"gap-element clearfix\" style=\"display:block; height:auto;\">\n\t\t\n<style>\n#gap-462146929 {\n  padding-top: 30px;\n}\n<\/style>\n\t<\/div>\n\t\n\n\n\t\t<\/div>\n\t\t\t\t\t<\/div>\n\n\t\n\n<\/div>\n<div class=\"row row-large align-middle align-center\"  id=\"row-22620711\">\n\n\n\t<div id=\"col-528077364\" class=\"col hide-for-medium medium-4 small-12 large-4\"  >\n\t\t\t\t<div class=\"col-inner\"  >\n\t\t\t\n\t\t\t\n\n\t<div id=\"gap-1069310649\" class=\"gap-element clearfix\" style=\"display:block; height:auto;\">\n\t\t\n<style>\n#gap-1069310649 {\n  padding-top: 30px;\n}\n<\/style>\n\t<\/div>\n\t\n\n\n\t\t<\/div>\n\t\t\t\t\t<\/div>\n\n\t\n\n\t<div id=\"col-1644366871\" class=\"col medium-5 small-12 large-4\"  >\n\t\t\t\t<div class=\"col-inner text-center\"  >\n\t\t\t\n\t\t\t\n\n<p style=\"margin-bottom: 0px; font-size: 80%;\">TRAINING TEAM<\/p>\n<h3>Elisa Bocalandro<\/h3>\n\t<div id=\"gap-894387968\" class=\"gap-element clearfix\" style=\"display:block; height:auto;\">\n\t\t\n<style>\n#gap-894387968 {\n  padding-top: 10px;\n}\n<\/style>\n\t<\/div>\n\t\n\n<p>elisa.eurolatin@gmail.com<\/p>\n<div class=\"social-icons follow-icons\" ><a href=\"#\" target=\"_blank\" data-label=\"Facebook\" class=\"icon plain tooltip facebook\" title=\"Seguici su Facebook\" aria-label=\"Seguici su Facebook\" rel=\"noopener nofollow\"><i class=\"icon-facebook\" aria-hidden=\"true\"><\/i><\/a><a href=\"#\" target=\"_blank\" data-label=\"Instagram\" class=\"icon plain tooltip instagram\" title=\"Seguici su Instagram\" aria-label=\"Seguici su Instagram\" rel=\"noopener nofollow\"><i class=\"icon-instagram\" aria-hidden=\"true\"><\/i><\/a><a href=\"#\" data-label=\"Twitter\" target=\"_blank\" class=\"icon plain tooltip twitter\" title=\"Seguici su Twitter\" aria-label=\"Seguici su Twitter\" rel=\"noopener nofollow\"><i class=\"icon-twitter\" aria-hidden=\"true\"><\/i><\/a><a href=\"#\" data-label=\"LinkedIn\" target=\"_blank\" class=\"icon plain tooltip linkedin\" title=\"Segui su LinkedIn\" aria-label=\"Segui su LinkedIn\" rel=\"noopener nofollow\"><i class=\"icon-linkedin\" aria-hidden=\"true\"><\/i><\/a><\/div>\n\n\n\t\t<\/div>\n\t\t\t\t\n<style>\n#col-1644366871 > .col-inner {\n  margin: 0px 0px 40px 0px;\n}\n<\/style>\n\t<\/div>\n\n\t\n\n\t<div id=\"col-1688340724\" class=\"col medium-5 small-10 large-4 small-col-first\"  >\n\t\t\t\t<div class=\"col-inner\" style=\"background-color:rgb(166, 63, 0);\" >\n\t\t\t\n\t\t\t\n\n<div class=\"row row-collapse\"  id=\"row-1964533548\">\n\n\n\t<div id=\"col-339456704\" class=\"col small-12 large-12\"  >\n\t\t\t\t<div class=\"col-inner\"  >\n\t\t\t\n\t\t\t\n\n\t<div class=\"img has-hover x md-x lg-x y md-y lg-y\" id=\"image_439425221\">\n\t\t\t\t\t\t\t\t<div class=\"img-inner image-cover dark\" style=\"padding-top:100%;\">\n\t\t\t<img loading=\"lazy\" decoding=\"async\" width=\"1920\" height=\"2560\" src=\"https:\/\/eurolatin.org\/wp-content\/uploads\/2026\/02\/foto-cv-scaled.jpg\" class=\"attachment-original size-original\" alt=\"\" srcset=\"https:\/\/eurolatin.org\/wp-content\/uploads\/2026\/02\/foto-cv-scaled.jpg 1920w, https:\/\/eurolatin.org\/wp-content\/uploads\/2026\/02\/foto-cv-225x300.jpg 225w, https:\/\/eurolatin.org\/wp-content\/uploads\/2026\/02\/foto-cv-768x1024.jpg 768w, https:\/\/eurolatin.org\/wp-content\/uploads\/2026\/02\/foto-cv-1152x1536.jpg 1152w, https:\/\/eurolatin.org\/wp-content\/uploads\/2026\/02\/foto-cv-1536x2048.jpg 1536w\" sizes=\"auto, (max-width: 1920px) 100vw, 1920px\" \/>\t\t\t\t\t\t\n\t\t\t\t\t<\/div>\n\t\t\t\t\t\t\t\t\n<style>\n#image_439425221 {\n  width: 100%;\n}\n<\/style>\n\t<\/div>\n\t\n\n\n\t\t<\/div>\n\t\t\t\t\n<style>\n#col-339456704 > .col-inner {\n  margin: -20px 0px 0px 20px;\n}\n<\/style>\n\t<\/div>\n\n\t\n\n<\/div>\n\n\t\t<\/div>\n\t\t\t\t\n<style>\n#col-1688340724 > .col-inner {\n  padding: 0px 0px 50px 25px;\n}\n<\/style>\n\t<\/div>\n\n\t\n\n<\/div>\n<div class=\"row row-large align-middle align-center\"  id=\"row-509861149\">\n\n\n\t<div id=\"col-817344803\" class=\"col medium-5 small-10 large-4\"  >\n\t\t\t\t<div class=\"col-inner\" style=\"background-color:rgb(130, 172, 134);\" >\n\t\t\t\n\t\t\t\n\n<div class=\"row row-collapse\"  id=\"row-818572464\">\n\n\n\t<div id=\"col-308390074\" class=\"col small-12 large-12\"  >\n\t\t\t\t<div class=\"col-inner\"  >\n\t\t\t\n\t\t\t\n\n\t<div class=\"img has-hover x md-x lg-x y md-y lg-y\" id=\"image_1614742229\">\n\t\t\t\t\t\t\t\t<div class=\"img-inner image-cover dark\" style=\"padding-top:100%;\">\n\t\t\t<img loading=\"lazy\" decoding=\"async\" width=\"1020\" height=\"886\" src=\"https:\/\/eurolatin.org\/wp-content\/uploads\/2026\/02\/foto-Lidia--1024x889.jpg\" class=\"attachment-large size-large\" alt=\"\" srcset=\"https:\/\/eurolatin.org\/wp-content\/uploads\/2026\/02\/foto-Lidia--1024x889.jpg 1024w, https:\/\/eurolatin.org\/wp-content\/uploads\/2026\/02\/foto-Lidia--300x261.jpg 300w, https:\/\/eurolatin.org\/wp-content\/uploads\/2026\/02\/foto-Lidia--768x667.jpg 768w, https:\/\/eurolatin.org\/wp-content\/uploads\/2026\/02\/foto-Lidia-.jpg 1200w\" sizes=\"auto, (max-width: 1020px) 100vw, 1020px\" \/>\t\t\t\t\t\t\n\t\t\t\t\t<\/div>\n\t\t\t\t\t\t\t\t\n<style>\n#image_1614742229 {\n  width: 100%;\n}\n<\/style>\n\t<\/div>\n\t\n\n\n\t\t<\/div>\n\t\t\t\t\n<style>\n#col-308390074 > .col-inner {\n  margin: -20px 0px 0px -20px;\n}\n<\/style>\n\t<\/div>\n\n\t\n\n<\/div>\n\n\t\t<\/div>\n\t\t\t\t\n<style>\n#col-817344803 > .col-inner {\n  padding: 0px 30px 50px 0px;\n}\n<\/style>\n\t<\/div>\n\n\t\n\n\t<div id=\"col-88796783\" class=\"col medium-5 small-12 large-4\"  >\n\t\t\t\t<div class=\"col-inner text-center\"  >\n\t\t\t\n\t\t\t\n\n\t<div id=\"gap-1822282369\" class=\"gap-element clearfix\" style=\"display:block; height:auto;\">\n\t\t\n<style>\n#gap-1822282369 {\n  padding-top: 30px;\n}\n<\/style>\n\t<\/div>\n\t\n\n<p style=\"margin-bottom: 0px; font-size: 80%;\">COMM TEAM<\/p>\n<h3>Lidia Barriga Garc\u00eda<\/h3>\n\t<div id=\"gap-1293158454\" class=\"gap-element clearfix\" style=\"display:block; height:auto;\">\n\t\t\n<style>\n#gap-1293158454 {\n  padding-top: 10px;\n}\n<\/style>\n\t<\/div>\n\t\n\n<p>office.eurolatin@gmail.com<\/p>\n<div class=\"social-icons follow-icons\" ><a href=\"#\" target=\"_blank\" data-label=\"Facebook\" class=\"icon plain tooltip facebook\" title=\"Seguici su Facebook\" aria-label=\"Seguici su Facebook\" rel=\"noopener nofollow\"><i class=\"icon-facebook\" aria-hidden=\"true\"><\/i><\/a><a href=\"#\" target=\"_blank\" data-label=\"Instagram\" class=\"icon plain tooltip instagram\" title=\"Seguici su Instagram\" aria-label=\"Seguici su Instagram\" rel=\"noopener nofollow\"><i class=\"icon-instagram\" aria-hidden=\"true\"><\/i><\/a><a href=\"#\" data-label=\"Twitter\" target=\"_blank\" class=\"icon plain tooltip twitter\" title=\"Seguici su Twitter\" aria-label=\"Seguici su Twitter\" rel=\"noopener nofollow\"><i class=\"icon-twitter\" aria-hidden=\"true\"><\/i><\/a><a href=\"#\" data-label=\"LinkedIn\" target=\"_blank\" class=\"icon plain tooltip linkedin\" title=\"Segui su LinkedIn\" aria-label=\"Segui su LinkedIn\" rel=\"noopener nofollow\"><i class=\"icon-linkedin\" aria-hidden=\"true\"><\/i><\/a><\/div>\n\n\n\t\t<\/div>\n\t\t\t\t\n<style>\n#col-88796783 > .col-inner {\n  margin: 0px 0px 40px 0px;\n}\n<\/style>\n\t<\/div>\n\n\t\n\n\t<div id=\"col-460236684\" class=\"col hide-for-medium medium-4 small-12 large-4\"  >\n\t\t\t\t<div class=\"col-inner\"  >\n\t\t\t\n\t\t\t\n\n\t<div id=\"gap-49170202\" class=\"gap-element clearfix\" style=\"display:block; height:auto;\">\n\t\t\n<style>\n#gap-49170202 {\n  padding-top: 30px;\n}\n<\/style>\n\t<\/div>\n\t\n\n\n\t\t<\/div>\n\t\t\t\t\t<\/div>\n\n\t\n\n<\/div>\n<div class=\"row row-large align-middle align-center\"  id=\"row-733370329\">\n\n\n\t<div id=\"col-1356748035\" class=\"col hide-for-medium medium-4 small-12 large-4\"  >\n\t\t\t\t<div class=\"col-inner\"  >\n\t\t\t\n\t\t\t\n\n\t<div id=\"gap-1816492667\" class=\"gap-element clearfix\" style=\"display:block; height:auto;\">\n\t\t\n<style>\n#gap-1816492667 {\n  padding-top: 30px;\n}\n<\/style>\n\t<\/div>\n\t\n\n\n\t\t<\/div>\n\t\t\t\t\t<\/div>\n\n\t\n\n\t<div id=\"col-776956199\" class=\"col medium-5 small-12 large-4\"  >\n\t\t\t\t<div class=\"col-inner text-center\"  >\n\t\t\t\n\t\t\t\n\n<p style=\"margin-bottom: 0px; font-size: 80%;\">COMM TEAM<\/p>\n<h3>Alessandra Rodriguez Crovetto<\/h3>\n\t<div id=\"gap-1279475737\" class=\"gap-element clearfix\" style=\"display:block; height:auto;\">\n\t\t\n<style>\n#gap-1279475737 {\n  padding-top: 10px;\n}\n<\/style>\n\t<\/div>\n\t\n\n<p>press.eurolatin@gmail.com<\/p>\n<div class=\"social-icons follow-icons\" ><a href=\"#\" target=\"_blank\" data-label=\"Facebook\" class=\"icon plain tooltip facebook\" title=\"Seguici su Facebook\" aria-label=\"Seguici su Facebook\" rel=\"noopener nofollow\"><i class=\"icon-facebook\" aria-hidden=\"true\"><\/i><\/a><a href=\"#\" target=\"_blank\" data-label=\"Instagram\" class=\"icon plain tooltip instagram\" title=\"Seguici su Instagram\" aria-label=\"Seguici su Instagram\" rel=\"noopener nofollow\"><i class=\"icon-instagram\" aria-hidden=\"true\"><\/i><\/a><a href=\"#\" data-label=\"Twitter\" target=\"_blank\" class=\"icon plain tooltip twitter\" title=\"Seguici su Twitter\" aria-label=\"Seguici su Twitter\" rel=\"noopener nofollow\"><i class=\"icon-twitter\" aria-hidden=\"true\"><\/i><\/a><a href=\"#\" data-label=\"LinkedIn\" target=\"_blank\" class=\"icon plain tooltip linkedin\" title=\"Segui su LinkedIn\" aria-label=\"Segui su LinkedIn\" rel=\"noopener nofollow\"><i class=\"icon-linkedin\" aria-hidden=\"true\"><\/i><\/a><\/div>\n\n\n\t\t<\/div>\n\t\t\t\t\n<style>\n#col-776956199 > .col-inner {\n  margin: 0px 0px 40px 0px;\n}\n<\/style>\n\t<\/div>\n\n\t\n\n\t<div id=\"col-1254932984\" class=\"col medium-5 small-10 large-4 small-col-first\"  >\n\t\t\t\t<div class=\"col-inner\" style=\"background-color:rgb(0, 231, 239);\" >\n\t\t\t\n\t\t\t\n\n<div class=\"row row-collapse\"  id=\"row-1631607275\">\n\n\n\t<div id=\"col-2136578338\" class=\"col small-12 large-12\"  >\n\t\t\t\t<div class=\"col-inner\"  >\n\t\t\t\n\t\t\t\n\n\t<div class=\"img has-hover x md-x lg-x y md-y lg-y\" id=\"image_787291965\">\n\t\t\t\t\t\t\t\t<div class=\"img-inner image-cover dark\" style=\"padding-top:100%;\">\n\t\t\t<img loading=\"lazy\" decoding=\"async\" width=\"819\" height=\"1024\" src=\"https:\/\/eurolatin.org\/wp-content\/uploads\/2026\/02\/image0-819x1024.png\" class=\"attachment-large size-large\" alt=\"\" srcset=\"https:\/\/eurolatin.org\/wp-content\/uploads\/2026\/02\/image0-819x1024.png 819w, https:\/\/eurolatin.org\/wp-content\/uploads\/2026\/02\/image0-240x300.png 240w, https:\/\/eurolatin.org\/wp-content\/uploads\/2026\/02\/image0-768x960.png 768w, https:\/\/eurolatin.org\/wp-content\/uploads\/2026\/02\/image0.png 1080w\" sizes=\"auto, (max-width: 819px) 100vw, 819px\" \/>\t\t\t\t\t\t\n\t\t\t\t\t<\/div>\n\t\t\t\t\t\t\t\t\n<style>\n#image_787291965 {\n  width: 100%;\n}\n<\/style>\n\t<\/div>\n\t\n\n\n\t\t<\/div>\n\t\t\t\t\n<style>\n#col-2136578338 > .col-inner {\n  margin: -20px 0px 0px 20px;\n}\n<\/style>\n\t<\/div>\n\n\t\n\n<\/div>\n\n\t\t<\/div>\n\t\t\t\t\n<style>\n#col-1254932984 > .col-inner {\n  padding: 0px 0px 50px 25px;\n}\n<\/style>\n\t<\/div>\n\n\t\n\n<\/div>\n<div class=\"row row-large align-middle align-center\"  id=\"row-1539703815\">\n\n\n\t<div id=\"col-108815116\" class=\"col medium-5 small-10 large-4\"  >\n\t\t\t\t<div class=\"col-inner\" style=\"background-color:rgb(0, 11, 106);\" >\n\t\t\t\n\t\t\t\n\n<div class=\"row row-collapse\"  id=\"row-1617099886\">\n\n\n\t<div id=\"col-951790957\" class=\"col small-12 large-12\"  >\n\t\t\t\t<div class=\"col-inner\"  >\n\t\t\t\n\t\t\t\n\n\t<div class=\"img has-hover x md-x lg-x y md-y lg-y\" id=\"image_1704688028\">\n\t\t\t\t\t\t\t\t<div class=\"img-inner image-cover dark\" style=\"padding-top:100%;\">\n\t\t\t<img loading=\"lazy\" decoding=\"async\" width=\"212\" height=\"238\" src=\"https:\/\/eurolatin.org\/wp-content\/uploads\/2026\/02\/images.jpeg\" class=\"attachment-large size-large\" alt=\"\" \/>\t\t\t\t\t\t\n\t\t\t\t\t<\/div>\n\t\t\t\t\t\t\t\t\n<style>\n#image_1704688028 {\n  width: 100%;\n}\n<\/style>\n\t<\/div>\n\t\n\n\n\t\t<\/div>\n\t\t\t\t\n<style>\n#col-951790957 > .col-inner {\n  margin: -20px 0px 0px -20px;\n}\n<\/style>\n\t<\/div>\n\n\t\n\n<\/div>\n\n\t\t<\/div>\n\t\t\t\t\n<style>\n#col-108815116 > .col-inner {\n  padding: 0px 30px 50px 0px;\n}\n<\/style>\n\t<\/div>\n\n\t\n\n\t<div id=\"col-1874930081\" class=\"col medium-5 small-12 large-4\"  >\n\t\t\t\t<div class=\"col-inner text-center\"  >\n\t\t\t\n\t\t\t\n\n<p style=\"margin-bottom: 0px; font-size: 80%;\">PARTNERSHIP<\/p>\n<h3>Francisca Cantarini<\/h3>\n\t<div id=\"gap-1819984631\" class=\"gap-element clearfix\" style=\"display:block; height:auto;\">\n\t\t\n<style>\n#gap-1819984631 {\n  padding-top: 10px;\n}\n<\/style>\n\t<\/div>\n\t\n\n<p>partnership.eurolatin@gmail.com<\/p>\n<div class=\"social-icons follow-icons\" ><a href=\"#\" target=\"_blank\" data-label=\"Facebook\" class=\"icon plain tooltip facebook\" title=\"Seguici su Facebook\" aria-label=\"Seguici su Facebook\" rel=\"noopener nofollow\"><i class=\"icon-facebook\" aria-hidden=\"true\"><\/i><\/a><a href=\"#\" target=\"_blank\" data-label=\"Instagram\" class=\"icon plain tooltip instagram\" title=\"Seguici su Instagram\" aria-label=\"Seguici su Instagram\" rel=\"noopener nofollow\"><i class=\"icon-instagram\" aria-hidden=\"true\"><\/i><\/a><a href=\"#\" data-label=\"Twitter\" target=\"_blank\" class=\"icon plain tooltip twitter\" title=\"Seguici su Twitter\" aria-label=\"Seguici su Twitter\" rel=\"noopener nofollow\"><i class=\"icon-twitter\" aria-hidden=\"true\"><\/i><\/a><a href=\"#\" data-label=\"LinkedIn\" target=\"_blank\" class=\"icon plain tooltip linkedin\" title=\"Segui su LinkedIn\" aria-label=\"Segui su LinkedIn\" rel=\"noopener nofollow\"><i class=\"icon-linkedin\" aria-hidden=\"true\"><\/i><\/a><\/div>\n\n\n\t\t<\/div>\n\t\t\t\t\n<style>\n#col-1874930081 > .col-inner {\n  margin: 0px 0px 40px 0px;\n}\n<\/style>\n\t<\/div>\n\n\t\n\n\t<div id=\"col-1367976022\" class=\"col hide-for-medium medium-4 small-12 large-4\"  >\n\t\t\t\t<div class=\"col-inner\"  >\n\t\t\t\n\t\t\t\n\n\t<div id=\"gap-863127099\" class=\"gap-element clearfix\" style=\"display:block; height:auto;\">\n\t\t\n<style>\n#gap-863127099 {\n  padding-top: 30px;\n}\n<\/style>\n\t<\/div>\n\t\n\n\n\t\t<\/div>\n\t\t\t\t\t<\/div>\n\n\t\n\n<\/div>\n\n\t\t<\/div>\n\n\t\t\n<style>\n#section_1244725006 {\n  padding-top: 100px;\n  padding-bottom: 100px;\n}\n<\/style>\n\t<\/section>\n\t\n\n\t<section class=\"section dark\" id=\"section_524180092\">\n\t\t<div class=\"section-bg fill\" >\n\t\t\t\t\t\t\t\t\t\n\t\t\t\n\n\t\t<\/div>\n\n\t\t\n\n\t\t<div class=\"section-content relative\">\n\t\t\t\n\n<div class=\"row align-center\"  id=\"row-337115657\">\n\n\n\t<div id=\"col-477806163\" class=\"col medium-9 small-12 large-8\"  >\n\t\t\t\t<div class=\"col-inner text-center\"  >\n\t\t\t\n\t\t\t\n\n\t<div id=\"gap-692354068\" class=\"gap-element clearfix\" style=\"display:block; height:auto;\">\n\t\t\n<style>\n#gap-692354068 {\n  padding-top: 20px;\n}\n<\/style>\n\t<\/div>\n\t\n\n\t<div id=\"text-3843163949\" class=\"text\">\n\t\t\n\n<h2>\u00a1S\u00famate a nuestra pasi\u00f3n!<\/h2>\n\t\t\n<style>\n#text-3843163949 {\n  font-size: 1.5rem;\n}\n<\/style>\n\t<\/div>\n\t\n<p style=\"text-align: center;\">En Euro Latin Cooperation APS, nos mueve la convicci\u00f3n: somos un equipo compuesto \u00edntegramente por voluntarios unidos por una pasi\u00f3n compartida.\u00a0<\/p>\n<p style=\"text-align: center;\">Creemos firmemente que el verdadero valor reside en el aprendizaje continuo, la capacitaci\u00f3n, la visibilidad y la experiencia que cada proyecto aporta a nuestros integrantes. Ejecutamos nuestras tareas con flexibilidad, adapt\u00e1ndonos a los ritmos de cada colaborador. Adem\u00e1s, estamos abiertos a establecer convenios de pr\u00e1cticas y pasant\u00edas para integrar perfiles seg\u00fan la experiencia espec\u00edfica que requiera cada iniciativa. Nuestro equipo se basa en el voluntariado, nadie recibe remuneraci\u00f3n econ\u00f3mica.\u00a0Somos un equipo biling\u00fce (espa\u00f1ol + otra lengua), tendiendo puentes culturales entre Europa y Am\u00e9rica Latina.<\/p>\n<p>\u00a0<\/p>\n<a class=\"button white lowercase\" >\n\t\t<span>eurolatincooperation@gmail.com<\/span>\n\t<\/a>\n\n\n\n\t\t<\/div>\n\t\t\t\t\n<style>\n#col-477806163 > .col-inner {\n  padding: 30px 0px 0px 0px;\n}\n<\/style>\n\t<\/div>\n\n\t\n\n<\/div>\n\n\t\t<\/div>\n\n\t\t\n<style>\n#section_524180092 {\n  padding-top: 40px;\n  padding-bottom: 40px;\n  background-color: rgb(128, 38, 0);\n}\n@media (min-width:550px) {\n  #section_524180092 {\n    padding-top: 60px;\n    padding-bottom: 60px;\n  }\n}\n<\/style>\n\t<\/section>\n\t\n\n<div class=\"pvc_clear\"><\/div><p id=\"pvc_stats_5739\" class=\"pvc_stats all  \" data-element-id=\"5739\" style=\"\"><i class=\"pvc-stats-icon medium\" aria-hidden=\"true\"><svg aria-hidden=\"true\" focusable=\"false\" data-prefix=\"far\" data-icon=\"chart-bar\" role=\"img\" xmlns=\"http:\/\/www.w3.org\/2000\/svg\" viewBox=\"0 0 512 512\" class=\"svg-inline--fa fa-chart-bar fa-w-16 fa-2x\"><path fill=\"currentColor\" d=\"M396.8 352h22.4c6.4 0 12.8-6.4 12.8-12.8V108.8c0-6.4-6.4-12.8-12.8-12.8h-22.4c-6.4 0-12.8 6.4-12.8 12.8v230.4c0 6.4 6.4 12.8 12.8 12.8zm-192 0h22.4c6.4 0 12.8-6.4 12.8-12.8V140.8c0-6.4-6.4-12.8-12.8-12.8h-22.4c-6.4 0-12.8 6.4-12.8 12.8v198.4c0 6.4 6.4 12.8 12.8 12.8zm96 0h22.4c6.4 0 12.8-6.4 12.8-12.8V204.8c0-6.4-6.4-12.8-12.8-12.8h-22.4c-6.4 0-12.8 6.4-12.8 12.8v134.4c0 6.4 6.4 12.8 12.8 12.8zM496 400H48V80c0-8.84-7.16-16-16-16H16C7.16 64 0 71.16 0 80v336c0 17.67 14.33 32 32 32h464c8.84 0 16-7.16 16-16v-16c0-8.84-7.16-16-16-16zm-387.2-48h22.4c6.4 0 12.8-6.4 12.8-12.8v-70.4c0-6.4-6.4-12.8-12.8-12.8h-22.4c-6.4 0-12.8 6.4-12.8 12.8v70.4c0 6.4 6.4 12.8 12.8 12.8z\" class=\"\"><\/path><\/svg><\/i> <img loading=\"lazy\" decoding=\"async\" width=\"16\" height=\"16\" alt=\"Loading\" src=\"https:\/\/eurolatin.org\/wp-content\/plugins\/page-views-count\/ajax-loader-2x.gif\" border=0 \/><\/p><div class=\"pvc_clear\"><\/div>","protected":false},"excerpt":{"rendered":"<div class=\"pvc_clear\"><\/div>\n<p id=\"pvc_stats_5739\" class=\"pvc_stats all  \" data-element-id=\"5739\" style=\"\"><i class=\"pvc-stats-icon medium\" aria-hidden=\"true\"><svg aria-hidden=\"true\" focusable=\"false\" data-prefix=\"far\" data-icon=\"chart-bar\" role=\"img\" xmlns=\"http:\/\/www.w3.org\/2000\/svg\" viewBox=\"0 0 512 512\" class=\"svg-inline--fa fa-chart-bar fa-w-16 fa-2x\"><path fill=\"currentColor\" d=\"M396.8 352h22.4c6.4 0 12.8-6.4 12.8-12.8V108.8c0-6.4-6.4-12.8-12.8-12.8h-22.4c-6.4 0-12.8 6.4-12.8 12.8v230.4c0 6.4 6.4 12.8 12.8 12.8zm-192 0h22.4c6.4 0 12.8-6.4 12.8-12.8V140.8c0-6.4-6.4-12.8-12.8-12.8h-22.4c-6.4 0-12.8 6.4-12.8 12.8v198.4c0 6.4 6.4 12.8 12.8 12.8zm96 0h22.4c6.4 0 12.8-6.4 12.8-12.8V204.8c0-6.4-6.4-12.8-12.8-12.8h-22.4c-6.4 0-12.8 6.4-12.8 12.8v134.4c0 6.4 6.4 12.8 12.8 12.8zM496 400H48V80c0-8.84-7.16-16-16-16H16C7.16 64 0 71.16 0 80v336c0 17.67 14.33 32 32 32h464c8.84 0 16-7.16 16-16v-16c0-8.84-7.16-16-16-16zm-387.2-48h22.4c6.4 0 12.8-6.4 12.8-12.8v-70.4c0-6.4-6.4-12.8-12.8-12.8h-22.4c-6.4 0-12.8 6.4-12.8 12.8v70.4c0 6.4 6.4 12.8 12.8 12.8z\" class=\"\"><\/path><\/svg><\/i> <img loading=\"lazy\" decoding=\"async\" width=\"16\" height=\"16\" alt=\"Loading\" src=\"https:\/\/eurolatin.org\/wp-content\/plugins\/page-views-count\/ajax-loader-2x.gif\" border=0 \/><\/p>\n<div class=\"pvc_clear\"><\/div>\n","protected":false},"author":2,"featured_media":0,"parent":0,"menu_order":0,"comment_status":"closed","ping_status":"closed","template":"","meta":{"footnotes":""},"class_list":["post-5739","page","type-page","status-publish","hentry"],"_links":{"self":[{"href":"https:\/\/eurolatin.org\/index.php?rest_route=\/wp\/v2\/pages\/5739","targetHints":{"allow":["GET"]}}],"collection":[{"href":"https:\/\/eurolatin.org\/index.php?rest_route=\/wp\/v2\/pages"}],"about":[{"href":"https:\/\/eurolatin.org\/index.php?rest_route=\/wp\/v2\/types\/page"}],"author":[{"embeddable":true,"href":"https:\/\/eurolatin.org\/index.php?rest_route=\/wp\/v2\/users\/2"}],"replies":[{"embeddable":true,"href":"https:\/\/eurolatin.org\/index.php?rest_route=%2Fwp%2Fv2%2Fcomments&post=5739"}],"version-history":[{"count":9,"href":"https:\/\/eurolatin.org\/index.php?rest_route=\/wp\/v2\/pages\/5739\/revisions"}],"predecessor-version":[{"id":5797,"href":"https:\/\/eurolatin.org\/index.php?rest_route=\/wp\/v2\/pages\/5739\/revisions\/5797"}],"wp:attachment":[{"href":"https:\/\/eurolatin.org\/index.php?rest_route=%2Fwp%2Fv2%2Fmedia&parent=5739"}],"curies":[{"name":"wp","href":"https:\/\/api.w.org\/{rel}","templated":true}]}}